{"id":29192,"date":"2024-06-27T17:18:33","date_gmt":"2024-06-27T15:18:33","guid":{"rendered":"https:\/\/hhentsch.com\/a-propos-de-nous\/"},"modified":"2025-08-27T17:35:38","modified_gmt":"2025-08-27T15:35:38","slug":"a-propos-de-nous","status":"publish","type":"page","link":"https:\/\/hhentsch.com\/fr\/a-propos-de-nous\/","title":{"rendered":"\u00e0 propos de nous"},"content":{"rendered":"<p>[et_pb_section fb_built=\u00a0\u00bb1&Prime; module_id=\u00a0\u00bbpage-title-header\u00a0\u00bb _builder_version=\u00a0\u00bb4.25.2&Prime; _module_preset=\u00a0\u00bbdefault\u00a0\u00bb background_color=\u00a0\u00bb#f6f6f6&Prime; height_tablet=\u00a0\u00bb\u00a0\u00bb height_phone=\u00a0\u00bb\u00a0\u00bb height_last_edited=\u00a0\u00bbon|desktop\u00a0\u00bb custom_padding=\u00a0\u00bb8px||0px||false|false\u00a0\u00bb global_colors_info=\u00a0\u00bb{}\u00a0\u00bb height__hover_enabled=\u00a0\u00bbon|desktop\u00a0\u00bb][et_pb_row _builder_version=\u00a0\u00bb4.25.2&Prime; _module_preset=\u00a0\u00bbdefault\u00a0\u00bb global_colors_info=\u00a0\u00bb{}\u00a0\u00bb][et_pb_column type=\u00a0\u00bb4_4&Prime; _builder_version=\u00a0\u00bb4.25.2&Prime; _module_preset=\u00a0\u00bbdefault\u00a0\u00bb global_colors_info=\u00a0\u00bb{}\u00a0\u00bb][et_pb_text _builder_version=\u00a0\u00bb4.25.2&Prime; _module_preset=\u00a0\u00bbdefault\u00a0\u00bb global_colors_info=\u00a0\u00bb{}\u00a0\u00bb]<\/p>\n<h2>\u00e0 propos de nous<\/h2>\n<p>[\/et_pb_text][\/et_pb_column][\/et_pb_row][\/et_pb_section][et_pb_section fb_built=\u00a0\u00bb1&Prime; _builder_version=\u00a0\u00bb4.25.2&Prime; _module_preset=\u00a0\u00bbdefault\u00a0\u00bb min_height=\u00a0\u00bb565px\u00a0\u00bb custom_margin=\u00a0\u00bb||||false|false\u00a0\u00bb custom_padding=\u00a0\u00bb25px||23px||false|false\u00a0\u00bb global_colors_info=\u00a0\u00bb{}\u00a0\u00bb][et_pb_row column_structure=\u00a0\u00bb1_2,1_2&Prime; _builder_version=\u00a0\u00bb4.25.2&Prime; _module_preset=\u00a0\u00bbdefault\u00a0\u00bb min_height=\u00a0\u00bb534px\u00a0\u00bb global_colors_info=\u00a0\u00bb{}\u00a0\u00bb][et_pb_column type=\u00a0\u00bb1_2&Prime; _builder_version=\u00a0\u00bb4.25.2&Prime; _module_preset=\u00a0\u00bbdefault\u00a0\u00bb global_colors_info=\u00a0\u00bb{}\u00a0\u00bb][et_pb_text _builder_version=\u00a0\u00bb4.25.2&Prime; _module_preset=\u00a0\u00bbdefault\u00a0\u00bb global_colors_info=\u00a0\u00bb{}\u00a0\u00bb]<\/p>\n<h3><span style=\"font-size: 21.120001px;\">Le team de H. Hentsch Asset Management comprend des sp\u00e9cialistes exp\u00e9riment\u00e9s dans les domaines de la banque priv\u00e9e, de la finance et des march\u00e9s financiers, ayant des connaissances linguistiques \u00e9tendues (fran\u00e7ais, anglais, allemand, norv\u00e9gien, espagnol et le portugais).<\/span><\/h3>\n<section class=\"av_textblock_section\" itemscope=\"itemscope\" itemtype=\"http:\/\/schema.org\/CreativeWork\">\n<div class=\"avia_textblock \" itemprop=\"text\">\n<h3>Esprit innovant, coupl\u00e9 \u00e0 une longue tradition familiale, H. Hentsch Asset Management dispose d\u2019un team ouvert et dynamique, offrant des services ultra-personnalis\u00e9s avec un regard neuf sur les possibilit\u00e9s du monde d\u2019aujourd\u2019hui.<\/h3>\n<\/div>\n<\/section>\n<p>[\/et_pb_text][et_pb_text _builder_version=\u00a0\u00bb4.25.2&Prime; _module_preset=\u00a0\u00bbdefault\u00a0\u00bb global_colors_info=\u00a0\u00bb{}\u00a0\u00bb]<\/p>\n<h4>Henri Hentsch<\/h4>\n<p>Descendant direct d\u2019une famille renomm\u00e9e de banquiers priv\u00e9s active en Suisse depuis plus de huit g\u00e9n\u00e9rations, Henri Hentsch a h\u00e9rit\u00e9 de valeurs traditionnelles familiales essentielles \u00e0 notre m\u00e9tier, connaissance et respect du client, devoirs de fid\u00e9lit\u00e9 et de loyaut\u00e9, pr\u00e9servation du capital pour ne citer qu\u2019elles. Henri Hentsch a d\u00e9velopp\u00e9 un r\u00e9seau humain important tout au long de sa carri\u00e8re, reconnu comme un gestionnaire de patrimoine performant et d\u00e9di\u00e9.\n<\/p>\n<p>[\/et_pb_text][\/et_pb_column][et_pb_column type=\u00a0\u00bb1_2&Prime; _builder_version=\u00a0\u00bb4.25.2&Prime; _module_preset=\u00a0\u00bbdefault\u00a0\u00bb global_colors_info=\u00a0\u00bb{}\u00a0\u00bb][et_pb_text _builder_version=\u00a0\u00bb4.25.2&Prime; _module_preset=\u00a0\u00bbdefault\u00a0\u00bb global_colors_info=\u00a0\u00bb{}\u00a0\u00bb]<\/p>\n<h4>Alain Dubois<\/h4>\n<p>Avec plus de 25 ann\u00e9es d\u2019exp\u00e9rience dans la banque et la finance \u00e0 Gen\u00e8ve, Alain Dubois d\u00e9tient les comp\u00e9tences cl\u00e9s dans l\u2019administration au sens large d\u2019une soci\u00e9t\u00e9 de gestion de fortune. De la gouvernance aux aspects r\u00e9glementaires, en passant par le compliance, la comptabilit\u00e9, la fiscalit\u00e9, le trading et les processus op\u00e9rationnels, Alain Dubois ma\u00eetrise les diff\u00e9rents aspects complexes qui se cachent derri\u00e8re une structure financi\u00e8re.\n<\/p>\n<p>[\/et_pb_text][et_pb_text _builder_version=\u00a0\u00bb4.25.2&Prime; _module_preset=\u00a0\u00bbdefault\u00a0\u00bb global_colors_info=\u00a0\u00bb{}\u00a0\u00bb]<\/p>\n<h4>Fr\u00e9d\u00e9ric Mentha<\/h4>\n<p>Fr\u00e9d\u00e9ric Mentha a travaill\u00e9 plus de 25 ann\u00e9es dans la banque priv\u00e9e, au sein d\u2019\u00e9tablissements prestigieux aupr\u00e8s desquels il a d\u00e9velopp\u00e9 une large expertise dans la gestion de portefeuille, le conseil et les activit\u00e9s de trading. Fr\u00e9d\u00e9ric Mentha a consacr\u00e9 son enti\u00e8re carri\u00e8re professionnelle au service d\u2019une client\u00e8le fortun\u00e9e internationale, principalement d\u2019origine hispanique et latino-am\u00e9ricaine.\n<\/p>\n<p>[\/et_pb_text][et_pb_image src=\u00a0\u00bbhttps:\/\/hhentsch.com\/wp-content\/uploads\/2024\/06\/HHAM_0557blanc-RSZ.jpg\u00a0\u00bb title_text=\u00a0\u00bbHHAM_0557blanc-RSZ\u00a0\u00bb _builder_version=\u00a0\u00bb4.25.2&Prime; _module_preset=\u00a0\u00bbdefault\u00a0\u00bb global_colors_info=\u00a0\u00bb{}\u00a0\u00bb][\/et_pb_image][\/et_pb_column][\/et_pb_row][et_pb_row _builder_version=\u00a0\u00bb4.25.2&Prime; _module_preset=\u00a0\u00bbdefault\u00a0\u00bb global_colors_info=\u00a0\u00bb{}\u00a0\u00bb][et_pb_column type=\u00a0\u00bb4_4&Prime; _builder_version=\u00a0\u00bb4.25.2&Prime; _module_preset=\u00a0\u00bbdefault\u00a0\u00bb global_colors_info=\u00a0\u00bb{}\u00a0\u00bb][et_pb_text _builder_version=\u00a0\u00bb4.26.0&Prime; _module_preset=\u00a0\u00bbdefault\u00a0\u00bb hover_enabled=\u00a0\u00bb0&Prime; global_colors_info=\u00a0\u00bb{}\u00a0\u00bb sticky_enabled=\u00a0\u00bb0&Prime;]<\/p>\n<h4>Information selon art. 8 LSFin<br \/>H. Hentsch Asset Management SA<\/h4>\n<p>Rue de Rive 23, 1260 Nyon, Suisse<br \/>Tel: +41 22 809 57 00 \u2013 Fax: +41 22 809 57 09 \u2013 <a href=\"mailto:office@hhentsch.com\">office@hhentsch.com<\/a><\/p>\n<p>Website: www.hhentsch.com<\/p>\n<p>La loi f\u00e9d\u00e9rale sur les services financiers (\u00ab LSFin \u00bb) est entr\u00e9e en vigueur le 1er janvier 2020 et a pour but principal de renforcer la protection des investisseurs dans le cadre de la prestation de services financiers, et notamment ceux fournis par H. Hentsch Asset Management SA. La pr\u00e9sente information est faite dans ce contexte.<\/p>\n<h4>Information sur le prestataire de services financiers (6 OSFin) :<\/h4>\n<p>H. Hentsch Asset Management SA est actif dans la gestion de fortune depuis plus de 10 ann\u00e9es (2010). Dans un int\u00e9r\u00eat commun, et afin de mieux r\u00e9pondre au nouveau cadre r\u00e9glementaire, H. Hentsch Asset Management SA et Valker Finance SA, autre prestataire de services financiers bas\u00e9 \u00e0 Nyon, se sont rapproch\u00e9s et ont fusionn\u00e9 au 1er juillet 2021 avec H. Hentsch Asset Management SA comme entit\u00e9 absorbante.<\/p>\n<p>H. Hentsch Asset Management SA est compos\u00e9e de 4 collaborateurs (administrateurs d\u00e9l\u00e9gu\u00e9s et employ\u00e9s), totalisant plus d\u2019une centaine d\u2019ann\u00e9es d\u2019exp\u00e9rience combin\u00e9e dans les secteurs bancaire et financier, principalement dans le domaine de la gestion de fortune.<\/p>\n<p>H. Hentsch Asset Management SA est d\u00e9tenue \u00e0 100% pour H. Hentsch Holding SA, soci\u00e9t\u00e9 holding suisse, 100% en mains priv\u00e9es suisses.<\/p>\n<p>H. Hentsch Asset Management SA n\u2019a pas d\u2019autre lieu d\u2019implantation en Suisse, ou \u00e0 l\u2019\u00e9tranger. Elle est active principalement dans la gestion de fortune traditionnelle pour le compte de clients priv\u00e9s fortun\u00e9s et propose des strat\u00e9gies d\u2019investissements en ad\u00e9quation avec le profil-risques de ses clients.<\/p>\n<p>Dans le cadre de sa gestion, H. Hentsch Asset Management SA peut agir en tant qu\u2019Investment Manager ou Portfolio Advisor de produits structur\u00e9s cr\u00e9\u00e9s et mis en place par ses banques d\u00e9positaires, dans le respect de la r\u00e9glementation en vigueur.<\/p>\n<p>Enfin, depuis quelques ann\u00e9es (2018), la Soci\u00e9t\u00e9 est \u00e9galement active dans le domaine du private equity, proposant des investissements sp\u00e9cifiques hors cadre de la gestion traditionnelle et r\u00e9serv\u00e9s \u00e0 des investisseurs qualifi\u00e9s. La soci\u00e9t\u00e9 a ainsi cr\u00e9\u00e9 HH Equity Partners SA (2018) et HH Equity Partners II SA (2020), dans lesquelles elle d\u00e9tient des participations et pour lesquelles elle agit en tant que mandataire.<\/p>\n<p>H. Hentsch Asset Management SA est affili\u00e9e en tant qu\u2019interm\u00e9diaire financier aupr\u00e8s de SO-FIT (Supervisory Organisation for Financial Intermedaries &amp; Trustees), sise Rue Pedro-Meylan 2 \u00e0 Gen\u00e8ve. SO-FIT est habilit\u00e9 par la FINMA pour exercer en tant qu\u2019Organisme d\u2019Autor\u00e9gulation (OAR) ainsi que comme Organisme de Surveillance (OS) au sens de la l\u00e9gislation suisse. (site Internet : www.so-fit.ch).<\/p>\n<p>H. Hentsch Asset Management SA a entam\u00e9 une proc\u00e9dure pour la demande d\u2019une autorisation \u00e0 la FINMA d\u2019ici au 31 d\u00e9cembre 2022 selon art. 17 LEFin.<\/p>\n<p>H. Hentsch Asset Management SA est affili\u00e9 aupr\u00e8s de l\u2019organe de m\u00e9diation Terraxis SA, sise Rue de la Tour de l\u2019Ile 1 \u00e0 Gen\u00e8ve, conform\u00e9ment \u00e0 l\u2019art. 16 LEFin (site Internet : www.terraxis.ch). A ce titre tout diff\u00e9rend qui pourrait survenir entre le client et H. Hentsch Asset Management SA pourra \u00eatre soumis \u00e0 cet organe de m\u00e9diation avant d\u2019\u00eatre port\u00e9 devant les juridictions comp\u00e9tentes.<\/p>\n<h4>Information sur le service financier et les instruments financiers (7 OSFin) :<\/h4>\n<p>Le service financier fournit par H. Hentsch Asset Management SA est un service de gestion de fortune. Ce service se formalise par la signature d\u2019un mandat de gestion de fortune, lequel est r\u00e9siliable en tout temps, au titre duquel le client conf\u00e8re une procuration \u00e0 H. Hentsch Asset Management SA. pour g\u00e9rer ses avoirs d\u00e9pos\u00e9s aupr\u00e8s d\u2019un \u00e9tablissement bancaire ou une maison de titres autoris\u00e9e.<\/p>\n<p>Le mandat de gestion de fortune d\u00e9finit les obligations des parties et en particulier celles de H. Hentsch Asset Management SA pour la mise en \u0153uvre de la strat\u00e9gie de placement choisie par le client et contient une information sur les risques g\u00e9n\u00e9raux li\u00e9s aux instruments financiers ainsi qu\u2019une pr\u00e9sentation des risques auxquels la strat\u00e9gie de placement expose la fortune du client.<\/p>\n<p>Compte tenu des contraintes r\u00e8glementaires de la LSFin li\u00e9 \u00e0 cette activit\u00e9, H. Hentsch Asset Management SA n\u2019offre pas de service de conseil en placements qu\u2019il porte sur des transactions isol\u00e9es ou pas.<\/p>\n<p>R\u00e9ception ou transmission d\u2019ordres sur instruments financiers : Compte tenu de la nature des services financiers demand\u00e9s par le client, H. Hentsch Asset Management SA ne v\u00e9rifiera ni le caract\u00e8re appropri\u00e9 ni l\u2019ad\u00e9quation des ordres donn\u00e9s par le client au sens des art. 10 et suivant de la LSFin.<\/p>\n<h4>Information sur les co\u00fbts (8 OSFin) :<\/h4>\n<p>En r\u00e9mun\u00e9ration de ses services de gestion de fortune, H. Hentsch Asset Management SA per\u00e7oit des honoraires de gestion ou d\u2019autres frais lesquels sont d\u00e9termin\u00e9s dans le mandat de gestion que le client signe avec H. Hentsch Asset Management SA. La banque d\u00e9positaire de vos avoirs facture \u00e9galement des co\u00fbts et frais s\u00e9par\u00e9s (droit de garde, commission de courtage, etc\u2026). Vous pouvez obtenir des informations sur les co\u00fbts et frais effectifs des services financiers aupr\u00e8s de votre conseiller \u00e0 la client\u00e8le.<\/p>\n<p>Dans le cadre de sa politique d\u2019affaires, H. Hentsch Asset Management SA peut n\u00e9gocier avec la banque d\u00e9positaire des avoirs du client le paiement de r\u00e9trocessions dont le client est inform\u00e9 quant \u00e0 leur \u00e9tendue et leur quotit\u00e9 et auxquelles le client renonce express\u00e9ment.<\/p>\n<h4>Information sur les liens \u00e9conomiques (9 OSFin) :<\/h4>\n<p>Dans la gestion de ses diff\u00e9rentes activit\u00e9s, H. Hentsch Asset Management SA \u00e9vite que des conflits d\u2019int\u00e9r\u00eats puissent survenir. La soci\u00e9t\u00e9 a notamment d\u00e9cid\u00e9 de ne pr\u00e9lever aucun honoraire de gestion pour ses clients qui souscrivent aux produits financiers dans lesquels elle per\u00e7oit d\u00e9j\u00e0 une commission de gestion.<\/p>\n<p>Si par extraordinaire un pr\u00e9judice au d\u00e9triment de ses clients ne peut pas \u00eatre \u00e9vit\u00e9, le conflit sera communiqu\u00e9 ou le consentement des clients sera obtenu.<\/p>\n<p>Derni\u00e8re mise \u00e0 jour, Nyon, le 31 mai 2022<\/p>\n<p>[\/et_pb_text][\/et_pb_column][\/et_pb_row][\/et_pb_section]<\/p>\n","protected":false},"excerpt":{"rendered":"<p>\u00e0 propos de nousLe team de H. Hentsch Asset Management comprend des sp\u00e9cialistes exp\u00e9riment\u00e9s dans les domaines de la banque priv\u00e9e, de la finance et des march\u00e9s financiers, ayant des connaissances linguistiques \u00e9tendues (fran\u00e7ais, anglais, allemand, norv\u00e9gien, espagnol et le portugais). Esprit innovant, coupl\u00e9 \u00e0 une longue tradition familiale, H. Hentsch Asset Management dispose d\u2019un [&hellip;]<\/p>\n","protected":false},"author":1,"featured_media":0,"parent":0,"menu_order":0,"comment_status":"closed","ping_status":"closed","template":"","meta":{"_et_pb_use_builder":"on","_et_pb_old_content":"","_et_gb_content_width":"","footnotes":""},"class_list":["post-29192","page","type-page","status-publish","hentry"],"_links":{"self":[{"href":"https:\/\/hhentsch.com\/fr\/wp-json\/wp\/v2\/pages\/29192","targetHints":{"allow":["GET"]}}],"collection":[{"href":"https:\/\/hhentsch.com\/fr\/wp-json\/wp\/v2\/pages"}],"about":[{"href":"https:\/\/hhentsch.com\/fr\/wp-json\/wp\/v2\/types\/page"}],"author":[{"embeddable":true,"href":"https:\/\/hhentsch.com\/fr\/wp-json\/wp\/v2\/users\/1"}],"replies":[{"embeddable":true,"href":"https:\/\/hhentsch.com\/fr\/wp-json\/wp\/v2\/comments?post=29192"}],"version-history":[{"count":3,"href":"https:\/\/hhentsch.com\/fr\/wp-json\/wp\/v2\/pages\/29192\/revisions"}],"predecessor-version":[{"id":29368,"href":"https:\/\/hhentsch.com\/fr\/wp-json\/wp\/v2\/pages\/29192\/revisions\/29368"}],"wp:attachment":[{"href":"https:\/\/hhentsch.com\/fr\/wp-json\/wp\/v2\/media?parent=29192"}],"curies":[{"name":"wp","href":"https:\/\/api.w.org\/{rel}","templated":true}]}}