{"id":29198,"date":"2024-07-06T07:44:44","date_gmt":"2024-07-06T05:44:44","guid":{"rendered":"https:\/\/hhentsch.com\/nos-services\/"},"modified":"2024-07-08T17:41:26","modified_gmt":"2024-07-08T15:41:26","slug":"nos-services","status":"publish","type":"page","link":"https:\/\/hhentsch.com\/fr\/nos-services\/","title":{"rendered":"nos services"},"content":{"rendered":"<p>[et_pb_section fb_built=\u00a0\u00bb1&Prime; _builder_version=\u00a0\u00bb4.25.2&Prime; _module_preset=\u00a0\u00bbdefault\u00a0\u00bb background_color=\u00a0\u00bb#f6f6f6&Prime; height_tablet=\u00a0\u00bb\u00a0\u00bb height_phone=\u00a0\u00bb\u00a0\u00bb height_last_edited=\u00a0\u00bbon|desktop\u00a0\u00bb custom_padding=\u00a0\u00bb8px||0px||false|false\u00a0\u00bb hover_enabled=\u00a0\u00bb0&Prime; global_colors_info=\u00a0\u00bb{}\u00a0\u00bb height__hover_enabled=\u00a0\u00bbon|desktop\u00a0\u00bb module_id=\u00a0\u00bbpage-title-header\u00a0\u00bb sticky_enabled=\u00a0\u00bb0&Prime;][et_pb_row _builder_version=\u00a0\u00bb4.25.2&Prime; _module_preset=\u00a0\u00bbdefault\u00a0\u00bb global_colors_info=\u00a0\u00bb{}\u00a0\u00bb][et_pb_column type=\u00a0\u00bb4_4&Prime; _builder_version=\u00a0\u00bb4.25.2&Prime; _module_preset=\u00a0\u00bbdefault\u00a0\u00bb global_colors_info=\u00a0\u00bb{}\u00a0\u00bb][et_pb_text _builder_version=\u00a0\u00bb4.25.2&Prime; _module_preset=\u00a0\u00bbdefault\u00a0\u00bb global_colors_info=\u00a0\u00bb{}\u00a0\u00bb]<\/p>\n<h2>nos services<\/h2>\n<p>[\/et_pb_text][\/et_pb_column][\/et_pb_row][\/et_pb_section][et_pb_section fb_built=\u00a0\u00bb1&Prime; _builder_version=\u00a0\u00bb4.25.2&Prime; _module_preset=\u00a0\u00bbdefault\u00a0\u00bb min_height=\u00a0\u00bb565px\u00a0\u00bb custom_margin=\u00a0\u00bb||||false|false\u00a0\u00bb custom_padding=\u00a0\u00bb25px||23px||false|false\u00a0\u00bb global_colors_info=\u00a0\u00bb{}\u00a0\u00bb][et_pb_row column_structure=\u00a0\u00bb1_2,1_2&Prime; _builder_version=\u00a0\u00bb4.25.2&Prime; _module_preset=\u00a0\u00bbdefault\u00a0\u00bb min_height=\u00a0\u00bb534px\u00a0\u00bb global_colors_info=\u00a0\u00bb{}\u00a0\u00bb][et_pb_column type=\u00a0\u00bb1_2&Prime; _builder_version=\u00a0\u00bb4.25.2&Prime; _module_preset=\u00a0\u00bbdefault\u00a0\u00bb global_colors_info=\u00a0\u00bb{}\u00a0\u00bb][et_pb_text _builder_version=\u00a0\u00bb4.25.2&Prime; _module_preset=\u00a0\u00bbdefault\u00a0\u00bb global_colors_info=\u00a0\u00bb{}\u00a0\u00bb]<\/p>\n<h3>H. Hentsch Asset Management fournit les services sur mesure suivants<\/h3>\n<ul>\n<li>\n<p>Activit\u00e9 de gestion discr\u00e9tionnaire de portefeuilles individuels, pour une client\u00e8le priv\u00e9e et professionnelle, par le biais d\u2019approches strat\u00e9giques d\u2019allocation d\u2019actif ou th\u00e9matiques, toujours en pleine ad\u00e9quation avec l\u2019\u00e9valuation-risque du client<\/p>\n<\/li>\n<li>\n<p>Offre d\u2019instruments financiers, sous la forme de proposition d\u2019acqu\u00e9rir des valeurs mobili\u00e8res (actions) dans le domaine du Private Equity<\/p>\n<\/li>\n<li>\n<p>Consolidation de portefeuilles gr\u00e2ce \u00e0 un logiciel PMS (Portfolio Management System)<\/p>\n<\/li>\n<li>\n<p>Conseils \u00e9largis en mati\u00e8res immobili\u00e8re, de financements, d\u2019assurances, de fiscalit\u00e9, de retraite, de planification successorale, etc.<\/p>\n<\/li>\n<\/ul>\n<p>H. Hentsch Asset Management travaille en \u00e9troite collaboration avec un large r\u00e9seau d\u2019experts (l\u00e9gal, fiscal, immobilier et assurance).[\/et_pb_text][\/et_pb_column][et_pb_column type=\u00a0\u00bb1_2&Prime; _builder_version=\u00a0\u00bb4.25.2&Prime; _module_preset=\u00a0\u00bbdefault\u00a0\u00bb global_colors_info=\u00a0\u00bb{}\u00a0\u00bb][et_pb_image src=\u00a0\u00bbhttps:\/\/hhentsch.com\/wp-content\/uploads\/2024\/06\/HHAM_VisuelSquare_OurServicesNB_Blue.jpg\u00a0\u00bb title_text=\u00a0\u00bbHHAM_VisuelSquare_OurServicesNB_Blue\u00a0\u00bb _builder_version=\u00a0\u00bb4.25.2&Prime; _module_preset=\u00a0\u00bbdefault\u00a0\u00bb global_colors_info=\u00a0\u00bb{}\u00a0\u00bb][\/et_pb_image][\/et_pb_column][\/et_pb_row][\/et_pb_section]<\/p>\n","protected":false},"excerpt":{"rendered":"<p>nos servicesH. Hentsch Asset Management fournit les services sur mesure suivants Activit\u00e9 de gestion discr\u00e9tionnaire de portefeuilles individuels, pour une client\u00e8le priv\u00e9e et professionnelle, par le biais d\u2019approches strat\u00e9giques d\u2019allocation d\u2019actif ou th\u00e9matiques, toujours en pleine ad\u00e9quation avec l\u2019\u00e9valuation-risque du client Offre d\u2019instruments financiers, sous la forme de proposition d\u2019acqu\u00e9rir des valeurs mobili\u00e8res (actions) dans [&hellip;]<\/p>\n","protected":false},"author":1,"featured_media":0,"parent":0,"menu_order":0,"comment_status":"closed","ping_status":"closed","template":"","meta":{"_et_pb_use_builder":"on","_et_pb_old_content":"","_et_gb_content_width":"","footnotes":""},"class_list":["post-29198","page","type-page","status-publish","hentry"],"_links":{"self":[{"href":"https:\/\/hhentsch.com\/fr\/wp-json\/wp\/v2\/pages\/29198","targetHints":{"allow":["GET"]}}],"collection":[{"href":"https:\/\/hhentsch.com\/fr\/wp-json\/wp\/v2\/pages"}],"about":[{"href":"https:\/\/hhentsch.com\/fr\/wp-json\/wp\/v2\/types\/page"}],"author":[{"embeddable":true,"href":"https:\/\/hhentsch.com\/fr\/wp-json\/wp\/v2\/users\/1"}],"replies":[{"embeddable":true,"href":"https:\/\/hhentsch.com\/fr\/wp-json\/wp\/v2\/comments?post=29198"}],"version-history":[{"count":2,"href":"https:\/\/hhentsch.com\/fr\/wp-json\/wp\/v2\/pages\/29198\/revisions"}],"predecessor-version":[{"id":29200,"href":"https:\/\/hhentsch.com\/fr\/wp-json\/wp\/v2\/pages\/29198\/revisions\/29200"}],"wp:attachment":[{"href":"https:\/\/hhentsch.com\/fr\/wp-json\/wp\/v2\/media?parent=29198"}],"curies":[{"name":"wp","href":"https:\/\/api.w.org\/{rel}","templated":true}]}}