{"id":29201,"date":"2024-06-27T17:53:25","date_gmt":"2024-06-27T15:53:25","guid":{"rendered":"https:\/\/hhentsch.com\/depositaires\/"},"modified":"2024-07-08T17:45:12","modified_gmt":"2024-07-08T15:45:12","slug":"depositaires","status":"publish","type":"page","link":"https:\/\/hhentsch.com\/fr\/depositaires\/","title":{"rendered":"d\u00e9positaires"},"content":{"rendered":"<p>[et_pb_section fb_built=\u00a0\u00bb1&Prime; _builder_version=\u00a0\u00bb4.25.2&Prime; _module_preset=\u00a0\u00bbdefault\u00a0\u00bb background_color=\u00a0\u00bb#f6f6f6&Prime; height_tablet=\u00a0\u00bb\u00a0\u00bb height_phone=\u00a0\u00bb\u00a0\u00bb height_last_edited=\u00a0\u00bbon|desktop\u00a0\u00bb custom_padding=\u00a0\u00bb8px||0px||false|false\u00a0\u00bb hover_enabled=\u00a0\u00bb0&Prime; global_colors_info=\u00a0\u00bb{}\u00a0\u00bb height__hover_enabled=\u00a0\u00bbon|desktop\u00a0\u00bb module_id=\u00a0\u00bbpage-title-header\u00a0\u00bb sticky_enabled=\u00a0\u00bb0&Prime;][et_pb_row _builder_version=\u00a0\u00bb4.25.2&Prime; _module_preset=\u00a0\u00bbdefault\u00a0\u00bb global_colors_info=\u00a0\u00bb{}\u00a0\u00bb][et_pb_column type=\u00a0\u00bb4_4&Prime; _builder_version=\u00a0\u00bb4.25.2&Prime; _module_preset=\u00a0\u00bbdefault\u00a0\u00bb global_colors_info=\u00a0\u00bb{}\u00a0\u00bb][et_pb_text _builder_version=\u00a0\u00bb4.25.2&Prime; _module_preset=\u00a0\u00bbdefault\u00a0\u00bb global_colors_info=\u00a0\u00bb{}\u00a0\u00bb]<\/p>\n<h2>d\u00e9positaires<\/h2>\n<p>[\/et_pb_text][\/et_pb_column][\/et_pb_row][\/et_pb_section][et_pb_section fb_built=\u00a0\u00bb1&Prime; _builder_version=\u00a0\u00bb4.25.2&Prime; _module_preset=\u00a0\u00bbdefault\u00a0\u00bb min_height=\u00a0\u00bb565px\u00a0\u00bb custom_margin=\u00a0\u00bb||||false|false\u00a0\u00bb custom_padding=\u00a0\u00bb25px||23px||false|false\u00a0\u00bb global_colors_info=\u00a0\u00bb{}\u00a0\u00bb][et_pb_row column_structure=\u00a0\u00bb1_2,1_2&Prime; _builder_version=\u00a0\u00bb4.25.2&Prime; _module_preset=\u00a0\u00bbdefault\u00a0\u00bb min_height=\u00a0\u00bb534px\u00a0\u00bb global_colors_info=\u00a0\u00bb{}\u00a0\u00bb][et_pb_column type=\u00a0\u00bb1_2&Prime; _builder_version=\u00a0\u00bb4.25.2&Prime; _module_preset=\u00a0\u00bbdefault\u00a0\u00bb global_colors_info=\u00a0\u00bb{}\u00a0\u00bb][et_pb_text _builder_version=\u00a0\u00bb4.25.2&Prime; _module_preset=\u00a0\u00bbdefault\u00a0\u00bb global_colors_info=\u00a0\u00bb{}\u00a0\u00bb]<\/p>\n<h3>H. Hentsch Asset Management a d\u00e9velopp\u00e9 des accords de coop\u00e9ration avec des groupes bancaires de renom permettant un acc\u00e8s direct au r\u00e9seau mondial et \u00e0 des sp\u00e9cialistes d\u00e9di\u00e9s couvrant les principaux march\u00e9s et r\u00e9gions.<\/h3>\n<p><\/br><\/p>\n<p>H. Hentsch Asset Management vous aidera \u00e0 ouvrir et moduler votre relation bancaire selon vos besoins sp\u00e9cifiques. Gr\u00e2ce aux banques d\u00e9positaires s\u00e9lectionn\u00e9es, vous aurez acc\u00e8s \u00e0 un large \u00e9ventail de services bancaires (d\u00e9p\u00f4t titres, op\u00e9rations sur titres et devises, collecte de dividendes et de coupons, cartes de cr\u00e9dit, paiements, cr\u00e9dits hypoth\u00e9caires et lombards, relev\u00e9s de comptes et de d\u00e9p\u00f4ts, relev\u00e9s fiscaux, recherches institutionnelles, corporate finance, etc.).<\/p>\n<p>Gr\u00e2ce \u00e0 un logiciel PMS (Portfolio Management System), \u00e9labor\u00e9 par notre partenaire TeamWork Management SA \u00e0 Gen\u00e8ve (www.teamwork.net), nous avons la possibilit\u00e9 de consolider les portefeuilles de nos clients d\u00e9tenus aupr\u00e8s de plusieurs de nos banques d\u00e9positaires. Sur demande, nous pouvons offrir un acc\u00e8s personnalis\u00e9 \u00e0 ce logiciel pour nos clients.\n<\/p>\n<p>[\/et_pb_text][\/et_pb_column][et_pb_column type=\u00a0\u00bb1_2&Prime; _builder_version=\u00a0\u00bb4.25.2&Prime; _module_preset=\u00a0\u00bbdefault\u00a0\u00bb global_colors_info=\u00a0\u00bb{}\u00a0\u00bb][et_pb_image src=\u00a0\u00bbhttps:\/\/hhentsch.com\/wp-content\/uploads\/2024\/06\/HHAM_VisuelSquare_Custodian.jpg\u00a0\u00bb title_text=\u00a0\u00bbHHAM_VisuelSquare_Custodian\u00a0\u00bb _builder_version=\u00a0\u00bb4.25.2&Prime; _module_preset=\u00a0\u00bbdefault\u00a0\u00bb global_colors_info=\u00a0\u00bb{}\u00a0\u00bb][\/et_pb_image][\/et_pb_column][\/et_pb_row][\/et_pb_section]<\/p>\n","protected":false},"excerpt":{"rendered":"<p>d\u00e9positairesH. Hentsch Asset Management a d\u00e9velopp\u00e9 des accords de coop\u00e9ration avec des groupes bancaires de renom permettant un acc\u00e8s direct au r\u00e9seau mondial et \u00e0 des sp\u00e9cialistes d\u00e9di\u00e9s couvrant les principaux march\u00e9s et r\u00e9gions. H. Hentsch Asset Management vous aidera \u00e0 ouvrir et moduler votre relation bancaire selon vos besoins sp\u00e9cifiques. Gr\u00e2ce aux banques d\u00e9positaires [&hellip;]<\/p>\n","protected":false},"author":1,"featured_media":0,"parent":0,"menu_order":0,"comment_status":"closed","ping_status":"closed","template":"","meta":{"_et_pb_use_builder":"on","_et_pb_old_content":"","_et_gb_content_width":"","footnotes":""},"class_list":["post-29201","page","type-page","status-publish","hentry"],"_links":{"self":[{"href":"https:\/\/hhentsch.com\/fr\/wp-json\/wp\/v2\/pages\/29201","targetHints":{"allow":["GET"]}}],"collection":[{"href":"https:\/\/hhentsch.com\/fr\/wp-json\/wp\/v2\/pages"}],"about":[{"href":"https:\/\/hhentsch.com\/fr\/wp-json\/wp\/v2\/types\/page"}],"author":[{"embeddable":true,"href":"https:\/\/hhentsch.com\/fr\/wp-json\/wp\/v2\/users\/1"}],"replies":[{"embeddable":true,"href":"https:\/\/hhentsch.com\/fr\/wp-json\/wp\/v2\/comments?post=29201"}],"version-history":[{"count":2,"href":"https:\/\/hhentsch.com\/fr\/wp-json\/wp\/v2\/pages\/29201\/revisions"}],"predecessor-version":[{"id":29203,"href":"https:\/\/hhentsch.com\/fr\/wp-json\/wp\/v2\/pages\/29201\/revisions\/29203"}],"wp:attachment":[{"href":"https:\/\/hhentsch.com\/fr\/wp-json\/wp\/v2\/media?parent=29201"}],"curies":[{"name":"wp","href":"https:\/\/api.w.org\/{rel}","templated":true}]}}