{"id":29204,"date":"2024-06-27T17:58:36","date_gmt":"2024-06-27T15:58:36","guid":{"rendered":"https:\/\/hhentsch.com\/affiliation\/"},"modified":"2024-07-08T17:47:25","modified_gmt":"2024-07-08T15:47:25","slug":"affiliation","status":"publish","type":"page","link":"https:\/\/hhentsch.com\/fr\/affiliation\/","title":{"rendered":"affiliation"},"content":{"rendered":"<p>[et_pb_section fb_built=\u00a0\u00bb1&Prime; _builder_version=\u00a0\u00bb4.25.2&Prime; _module_preset=\u00a0\u00bbdefault\u00a0\u00bb background_color=\u00a0\u00bb#f6f6f6&Prime; height_tablet=\u00a0\u00bb\u00a0\u00bb height_phone=\u00a0\u00bb\u00a0\u00bb height_last_edited=\u00a0\u00bbon|desktop\u00a0\u00bb custom_padding=\u00a0\u00bb8px||0px||false|false\u00a0\u00bb hover_enabled=\u00a0\u00bb0&Prime; global_colors_info=\u00a0\u00bb{}\u00a0\u00bb height__hover_enabled=\u00a0\u00bbon|desktop\u00a0\u00bb module_id=\u00a0\u00bbpage-title-header\u00a0\u00bb sticky_enabled=\u00a0\u00bb0&Prime;][et_pb_row _builder_version=\u00a0\u00bb4.25.2&Prime; _module_preset=\u00a0\u00bbdefault\u00a0\u00bb global_colors_info=\u00a0\u00bb{}\u00a0\u00bb][et_pb_column type=\u00a0\u00bb4_4&Prime; _builder_version=\u00a0\u00bb4.25.2&Prime; _module_preset=\u00a0\u00bbdefault\u00a0\u00bb global_colors_info=\u00a0\u00bb{}\u00a0\u00bb][et_pb_text _builder_version=\u00a0\u00bb4.25.2&Prime; _module_preset=\u00a0\u00bbdefault\u00a0\u00bb global_colors_info=\u00a0\u00bb{}\u00a0\u00bb]<\/p>\n<h2>affiliation<\/h2>\n<p>[\/et_pb_text][\/et_pb_column][\/et_pb_row][\/et_pb_section][et_pb_section fb_built=\u00a0\u00bb1&Prime; _builder_version=\u00a0\u00bb4.25.2&Prime; _module_preset=\u00a0\u00bbdefault\u00a0\u00bb min_height=\u00a0\u00bb565px\u00a0\u00bb custom_margin=\u00a0\u00bb||||false|false\u00a0\u00bb custom_padding=\u00a0\u00bb25px||23px||false|false\u00a0\u00bb global_colors_info=\u00a0\u00bb{}\u00a0\u00bb][et_pb_row column_structure=\u00a0\u00bb1_2,1_2&Prime; _builder_version=\u00a0\u00bb4.25.2&Prime; _module_preset=\u00a0\u00bbdefault\u00a0\u00bb min_height=\u00a0\u00bb534px\u00a0\u00bb global_colors_info=\u00a0\u00bb{}\u00a0\u00bb][et_pb_column type=\u00a0\u00bb1_2&Prime; _builder_version=\u00a0\u00bb4.25.2&Prime; _module_preset=\u00a0\u00bbdefault\u00a0\u00bb global_colors_info=\u00a0\u00bb{}\u00a0\u00bb][et_pb_text _builder_version=\u00a0\u00bb4.25.2&Prime; _module_preset=\u00a0\u00bbdefault\u00a0\u00bb global_colors_info=\u00a0\u00bb{}\u00a0\u00bb]<\/p>\n<h3>H. Hentsch Asset Management est autoris\u00e9e \u00e0 mener des activit\u00e9s d\u2019interm\u00e9diaire financier en Suisse et est affili\u00e9 aupr\u00e8s de SO-FIT (Supervisory Organisation for Financial Intermediaries &amp; Trustees).<\/h3>\n<p><\/br><\/p>\n<p>SO-FIT est habilit\u00e9 par la FINMA pour exercer en tant qu\u2019Organisme d\u2019Autor\u00e9gulation (OAR) ainsi que comme Organisme de Surveillance (OS) au sens de la l\u00e9gislation suisse (www.so-fit.ch).<\/p>\n<p>Plus particuli\u00e8rement, H. Hentsch Asset Management SA est ainsi soumis \u00e0 l\u2019OAR de SO-FIT pour les activit\u00e9s relevant de la Loi concernant la lutte contre le blanchiment d\u2019argent et le financement du terrorisme dans le secteur financier (LBA).<\/p>\n<p><u>Organe de m\u00e9diation : H. Hentsch Asset Management SA est affili\u00e9e aupr\u00e8s de la soci\u00e9t\u00e9 Terraxis SA, sise Rue de la Tour de l\u2019Ile 1 \u00e0 Gen\u00e8ve, conform\u00e9ment \u00e0 l\u2019art. 16 LEFin (www.terraxis.ch).<\/u><\/p>\n<p>Finalement, H. Hentsch Asset Management a \u00e9lu la soci\u00e9t\u00e9 Fiducior SA comme r\u00e9viseur statutaire des comptes de la Soci\u00e9t\u00e9, ainsi que la soci\u00e9t\u00e9 Experco Audit et Conseil SA comme r\u00e9viseur LBA et Code de d\u00e9ontologie.\n<\/p>\n<p>[\/et_pb_text][\/et_pb_column][et_pb_column type=\u00a0\u00bb1_2&Prime; _builder_version=\u00a0\u00bb4.25.2&Prime; _module_preset=\u00a0\u00bbdefault\u00a0\u00bb global_colors_info=\u00a0\u00bb{}\u00a0\u00bb][et_pb_image src=\u00a0\u00bbhttps:\/\/hhentsch.com\/wp-content\/uploads\/2024\/06\/HHAM_VisuelSquare_Affiliation2.jpg\u00a0\u00bb title_text=\u00a0\u00bbHHAM_VisuelSquare_Affiliation2&Prime; _builder_version=\u00a0\u00bb4.25.2&Prime; _module_preset=\u00a0\u00bbdefault\u00a0\u00bb global_colors_info=\u00a0\u00bb{}\u00a0\u00bb][\/et_pb_image][\/et_pb_column][\/et_pb_row][\/et_pb_section]<\/p>\n","protected":false},"excerpt":{"rendered":"<p>affiliationH. Hentsch Asset Management est autoris\u00e9e \u00e0 mener des activit\u00e9s d\u2019interm\u00e9diaire financier en Suisse et est affili\u00e9 aupr\u00e8s de SO-FIT (Supervisory Organisation for Financial Intermediaries &amp; Trustees). SO-FIT est habilit\u00e9 par la FINMA pour exercer en tant qu\u2019Organisme d\u2019Autor\u00e9gulation (OAR) ainsi que comme Organisme de Surveillance (OS) au sens de la l\u00e9gislation suisse (www.so-fit.ch). Plus [&hellip;]<\/p>\n","protected":false},"author":1,"featured_media":0,"parent":0,"menu_order":0,"comment_status":"closed","ping_status":"closed","template":"","meta":{"_et_pb_use_builder":"on","_et_pb_old_content":"","_et_gb_content_width":"","footnotes":""},"class_list":["post-29204","page","type-page","status-publish","hentry"],"_links":{"self":[{"href":"https:\/\/hhentsch.com\/fr\/wp-json\/wp\/v2\/pages\/29204","targetHints":{"allow":["GET"]}}],"collection":[{"href":"https:\/\/hhentsch.com\/fr\/wp-json\/wp\/v2\/pages"}],"about":[{"href":"https:\/\/hhentsch.com\/fr\/wp-json\/wp\/v2\/types\/page"}],"author":[{"embeddable":true,"href":"https:\/\/hhentsch.com\/fr\/wp-json\/wp\/v2\/users\/1"}],"replies":[{"embeddable":true,"href":"https:\/\/hhentsch.com\/fr\/wp-json\/wp\/v2\/comments?post=29204"}],"version-history":[{"count":2,"href":"https:\/\/hhentsch.com\/fr\/wp-json\/wp\/v2\/pages\/29204\/revisions"}],"predecessor-version":[{"id":29206,"href":"https:\/\/hhentsch.com\/fr\/wp-json\/wp\/v2\/pages\/29204\/revisions\/29206"}],"wp:attachment":[{"href":"https:\/\/hhentsch.com\/fr\/wp-json\/wp\/v2\/media?parent=29204"}],"curies":[{"name":"wp","href":"https:\/\/api.w.org\/{rel}","templated":true}]}}