{"id":29211,"date":"2024-06-27T17:48:38","date_gmt":"2024-06-27T15:48:38","guid":{"rendered":"https:\/\/hhentsch.com\/home\/"},"modified":"2024-07-09T11:32:47","modified_gmt":"2024-07-09T09:32:47","slug":"home-fr","status":"publish","type":"page","link":"https:\/\/hhentsch.com\/fr\/","title":{"rendered":"home-fr"},"content":{"rendered":"<p>[et_pb_section fb_built=\u00a0\u00bb1&Prime; fullwidth=\u00a0\u00bbon\u00a0\u00bb _builder_version=\u00a0\u00bb4.26.0&Prime; _module_preset=\u00a0\u00bbdefault\u00a0\u00bb background_image=\u00a0\u00bbhttps:\/\/hhentsch.com\/wp-content\/uploads\/2024\/07\/HHAM_Home-Framed-Visuel.jpg\u00a0\u00bb height=\u00a0\u00bb700px\u00a0\u00bb global_colors_info=\u00a0\u00bb{}\u00a0\u00bb][et_pb_fullwidth_slider show_arrows=\u00a0\u00bboff\u00a0\u00bb show_pagination=\u00a0\u00bboff\u00a0\u00bb _builder_version=\u00a0\u00bb4.26.0&Prime; _module_preset=\u00a0\u00bbdefault\u00a0\u00bb background_color=\u00a0\u00bbRGBA(255,255,255,0)\u00a0\u00bb module_alignment=\u00a0\u00bbright\u00a0\u00bb content_width=\u00a0\u00bb100%\u00a0\u00bb min_height=\u00a0\u00bb699.6px\u00a0\u00bb animation_style=\u00a0\u00bbslide\u00a0\u00bb animation_direction=\u00a0\u00bbleft\u00a0\u00bb hover_enabled=\u00a0\u00bb0&Prime; global_colors_info=\u00a0\u00bb{}\u00a0\u00bb sticky_enabled=\u00a0\u00bb0&Prime; custom_padding=\u00a0\u00bb|0px|||false|false\u00a0\u00bb][et_pb_slide _builder_version=\u00a0\u00bb4.26.0&Prime; _module_preset=\u00a0\u00bbdefault\u00a0\u00bb background_color=\u00a0\u00bbRGBA(255,255,255,0)\u00a0\u00bb background_enable_color=\u00a0\u00bbon\u00a0\u00bb global_colors_info=\u00a0\u00bb{}\u00a0\u00bb sticky_transition=\u00a0\u00bbon\u00a0\u00bb]<span class=\"slider\">Empreint de tradition familiale,<\/br>nous d\u00e9fendons et<\/br> prot\u00e9geons vos int\u00e9r\u00eats<\/br><\/span>[\/et_pb_slide][\/et_pb_fullwidth_slider][\/et_pb_section]<\/p>\n","protected":false},"excerpt":{"rendered":"<p>Empreint de tradition familiale,nous d\u00e9fendons et prot\u00e9geons vos int\u00e9r\u00eats<\/p>\n","protected":false},"author":1,"featured_media":29188,"parent":0,"menu_order":0,"comment_status":"closed","ping_status":"closed","template":"","meta":{"_et_pb_use_builder":"on","_et_pb_old_content":"","_et_gb_content_width":"","footnotes":""},"class_list":["post-29211","page","type-page","status-publish","has-post-thumbnail","hentry"],"_links":{"self":[{"href":"https:\/\/hhentsch.com\/fr\/wp-json\/wp\/v2\/pages\/29211","targetHints":{"allow":["GET"]}}],"collection":[{"href":"https:\/\/hhentsch.com\/fr\/wp-json\/wp\/v2\/pages"}],"about":[{"href":"https:\/\/hhentsch.com\/fr\/wp-json\/wp\/v2\/types\/page"}],"author":[{"embeddable":true,"href":"https:\/\/hhentsch.com\/fr\/wp-json\/wp\/v2\/users\/1"}],"replies":[{"embeddable":true,"href":"https:\/\/hhentsch.com\/fr\/wp-json\/wp\/v2\/comments?post=29211"}],"version-history":[{"count":27,"href":"https:\/\/hhentsch.com\/fr\/wp-json\/wp\/v2\/pages\/29211\/revisions"}],"predecessor-version":[{"id":29345,"href":"https:\/\/hhentsch.com\/fr\/wp-json\/wp\/v2\/pages\/29211\/revisions\/29345"}],"wp:featuredmedia":[{"embeddable":true,"href":"https:\/\/hhentsch.com\/fr\/wp-json\/wp\/v2\/media\/29188"}],"wp:attachment":[{"href":"https:\/\/hhentsch.com\/fr\/wp-json\/wp\/v2\/media?parent=29211"}],"curies":[{"name":"wp","href":"https:\/\/api.w.org\/{rel}","templated":true}]}}