{"id":29216,"date":"2024-07-06T09:16:08","date_gmt":"2024-07-06T07:16:08","guid":{"rendered":"https:\/\/hhentsch.com\/avertissement\/"},"modified":"2024-07-08T18:12:50","modified_gmt":"2024-07-08T16:12:50","slug":"avertissement","status":"publish","type":"page","link":"https:\/\/hhentsch.com\/fr\/avertissement\/","title":{"rendered":"avertissement"},"content":{"rendered":"<p>[et_pb_section fb_built=\u00a0\u00bb1&Prime; _builder_version=\u00a0\u00bb4.25.2&Prime; _module_preset=\u00a0\u00bbdefault\u00a0\u00bb background_color=\u00a0\u00bb#f6f6f6&Prime; height_tablet=\u00a0\u00bb\u00a0\u00bb height_phone=\u00a0\u00bb\u00a0\u00bb height_last_edited=\u00a0\u00bbon|desktop\u00a0\u00bb custom_padding=\u00a0\u00bb8px||0px||false|false\u00a0\u00bb hover_enabled=\u00a0\u00bb0&Prime; global_colors_info=\u00a0\u00bb{}\u00a0\u00bb height__hover_enabled=\u00a0\u00bbon|desktop\u00a0\u00bb theme_builder_area=\u00a0\u00bbpost_content\u00a0\u00bb module_id=\u00a0\u00bbpage-title-header\u00a0\u00bb sticky_enabled=\u00a0\u00bb0&Prime;][et_pb_row _builder_version=\u00a0\u00bb4.25.2&Prime; _module_preset=\u00a0\u00bbdefault\u00a0\u00bb global_colors_info=\u00a0\u00bb{}\u00a0\u00bb theme_builder_area=\u00a0\u00bbpost_content\u00a0\u00bb][et_pb_column type=\u00a0\u00bb4_4&Prime; _builder_version=\u00a0\u00bb4.25.2&Prime; _module_preset=\u00a0\u00bbdefault\u00a0\u00bb global_colors_info=\u00a0\u00bb{}\u00a0\u00bb theme_builder_area=\u00a0\u00bbpost_content\u00a0\u00bb][et_pb_text _builder_version=\u00a0\u00bb4.25.2&Prime; _module_preset=\u00a0\u00bbdefault\u00a0\u00bb hover_enabled=\u00a0\u00bb0&Prime; global_colors_info=\u00a0\u00bb{}\u00a0\u00bb theme_builder_area=\u00a0\u00bbpost_content\u00a0\u00bb sticky_enabled=\u00a0\u00bb0&Prime;]<\/p>\n<h2>avertissement<\/h2>\n<p>[\/et_pb_text][\/et_pb_column][\/et_pb_row][\/et_pb_section][et_pb_section fb_built=\u00a0\u00bb1&Prime; _builder_version=\u00a0\u00bb4.25.2&Prime; _module_preset=\u00a0\u00bbdefault\u00a0\u00bb min_height=\u00a0\u00bb565px\u00a0\u00bb custom_margin=\u00a0\u00bb||||false|false\u00a0\u00bb custom_padding=\u00a0\u00bb25px||23px||false|false\u00a0\u00bb global_colors_info=\u00a0\u00bb{}\u00a0\u00bb theme_builder_area=\u00a0\u00bbpost_content\u00a0\u00bb][et_pb_row _builder_version=\u00a0\u00bb4.25.2&Prime; _module_preset=\u00a0\u00bbdefault\u00a0\u00bb global_colors_info=\u00a0\u00bb{}\u00a0\u00bb theme_builder_area=\u00a0\u00bbpost_content\u00a0\u00bb][et_pb_column type=\u00a0\u00bb4_4&Prime; _builder_version=\u00a0\u00bb4.25.2&Prime; _module_preset=\u00a0\u00bbdefault\u00a0\u00bb global_colors_info=\u00a0\u00bb{}\u00a0\u00bb theme_builder_area=\u00a0\u00bbpost_content\u00a0\u00bb][et_pb_text _builder_version=\u00a0\u00bb4.25.2&Prime; _module_preset=\u00a0\u00bbdefault\u00a0\u00bb hover_enabled=\u00a0\u00bb0&Prime; global_colors_info=\u00a0\u00bb{}\u00a0\u00bb theme_builder_area=\u00a0\u00bbpost_content\u00a0\u00bb sticky_enabled=\u00a0\u00bb0&Prime;]<\/p>\n<h4>Conditions d\u2019utilisation du site internet<\/h4>\n<p>Ces Conditions s\u2019appliquent \u00e0 l\u2019utilisation du site internet de H. Hentsch Asset Management SA (ci-apr\u00e8s \u201cHHAM\u201d). En acc\u00e9dant \u00e0 notre site internet ou en utilisant des informations de ce site, l\u2019utilisateur accepte automatiquement ces Conditions.<\/p>\n<h4>Consid\u00e9rations g\u00e9n\u00e9rales<\/h4>\n<p>Ce site internet n\u2019est pas destin\u00e9 \u00e0 toutes personnes dans toutes les juridictions o\u00f9 (en raison de la nationalit\u00e9 ou de la r\u00e9sidence de la personne, ou autre) la publication ou la disponibilit\u00e9 de ce site internet est prohib\u00e9e.<\/p>\n<p>HHAM est autoris\u00e9e \u00e0 mener des activit\u00e9s d\u2019interm\u00e9diaire financier en Suisse et est affili\u00e9 aupr\u00e8s de SO-FIT (Supervisory Organisation for Financial Intermediaries &amp; Trustees).<\/p>\n<h4>Avertissement sur le contenu<\/h4>\n<p>Ce site internet est destin\u00e9 uniquement \u00e0 fournir des informations de type g\u00e9n\u00e9ral. Les informations fournies au travers de ce site internet ne sont en aucun cas des conseils. Les informations contenues dans ce site internet sont compos\u00e9es et maintenues \u00e0 jour avec attention et soin par HHAM. Cependant, HHAM ne donne aucune garantie quant \u00e0 la pr\u00e9cision et l\u2019exactitude des informations contenues sur ce site internet. Ainsi, aucun droit et pr\u00e9tention ne peuvent d\u00e9couler des informations pr\u00e9sentes sur ce site Internet. HHAM ne peut \u00eatre tenu pour responsable d\u2019aucune sorte pour tous dommages de toutes natures, et dans toutes circonstances qui r\u00e9sulteraient de l\u2019utilisation de ce site internet ou de toutes informations contenues dans ce site internet, ainsi que de tous dommages qui r\u00e9sulteraient de la non-disponibilit\u00e9 momentan\u00e9e de ce site internet.<\/p>\n<p>Le site internet de HHAM contient des r\u00e9f\u00e9rences et\/ou des hyper-liens \u00e0 des sites internet de tiers. Ces r\u00e9f\u00e9rences et hyper-liens sont inclus \u00e0 titre d\u2019information uniquement et sont s\u00e9lectionn\u00e9s par HHAM en toute bonne foi. Dans toutes les circonstances, HHAM ne donne aucune garantie et n\u2019encourt aucune responsabilit\u00e9 en relation avec le contenu, l\u2019utilisation et la disponibilit\u00e9 de ces sites internet de tiers.<\/p>\n<h4>Propri\u00e9t\u00e9 intellectuelle<\/h4>\n<p>Tous les droits de propri\u00e9t\u00e9 intellectuelle, incluant mais ne se limitant pas aux copyrights, droits r\u00e9sultant de la marque et de la base de donn\u00e9es relative aux informations, textes, images, logos, photographies et illustrations contenues dans ce site internet, ainsi que la pr\u00e9sentation et le design sont la propri\u00e9t\u00e9 de HHAM et\/ou ont \u00e9t\u00e9 autoris\u00e9s par les d\u00e9tenteurs de ces droits. Les informations de ce site internet sont uniquement destin\u00e9es pour une utilisation personnelle et non commerciale. La reproduction ou la publication de tout ou partie du contenu de ce site internet \u00e0 des fins non-personnelles et\/ou commerciales, sous toutes formes, est prohib\u00e9e sans l\u2019accord pr\u00e9alable \u00e9crit de HHAM.<\/p>\n<p>L\u2019utilisation d\u2019hyper-liens vers le (toutes les pages du) site internet de HHAM n\u2019est pas autoris\u00e9e sans l\u2019accord pr\u00e9alable \u00e9crit de HHAM. HHAM n\u2019autorisera aucun hyper-liens vers (toutes les pages de) son site internet si le contenu, les images ou la r\u00e9putation du site host ne sont pas en ad\u00e9quation avec le nom, la r\u00e9putation ou les services de HHAM ou avec le contenu de ce site internet, selon l\u2019opinion de HHAM.<\/p>\n<h4>Droit applicable et for juridique<\/h4>\n<p>L\u2019acc\u00e8s et l\u2019utilisation de ce site internet, ainsi que ces Conditions, sont soumis au droit suisse. Tout litige qui r\u00e9sulterait de l\u2019acc\u00e8s ou l\u2019utilisation de ce site internet et\/ou l\u2019utilisation des informations contenues sur ce site internet sera soumis \u00e0 la juridiction exclusive des tribunaux comp\u00e9tents su si\u00e8ge de HHAM.<\/p>\n<p>[\/et_pb_text][\/et_pb_column][\/et_pb_row][\/et_pb_section]<\/p>\n","protected":false},"excerpt":{"rendered":"<p>avertissementConditions d\u2019utilisation du site internet Ces Conditions s\u2019appliquent \u00e0 l\u2019utilisation du site internet de H. Hentsch Asset Management SA (ci-apr\u00e8s \u201cHHAM\u201d). En acc\u00e9dant \u00e0 notre site internet ou en utilisant des informations de ce site, l\u2019utilisateur accepte automatiquement ces Conditions. Consid\u00e9rations g\u00e9n\u00e9rales Ce site internet n\u2019est pas destin\u00e9 \u00e0 toutes personnes dans toutes les juridictions [&hellip;]<\/p>\n","protected":false},"author":1,"featured_media":0,"parent":0,"menu_order":0,"comment_status":"closed","ping_status":"closed","template":"","meta":{"_et_pb_use_builder":"on","_et_pb_old_content":"","_et_gb_content_width":"","footnotes":""},"class_list":["post-29216","page","type-page","status-publish","hentry"],"_links":{"self":[{"href":"https:\/\/hhentsch.com\/fr\/wp-json\/wp\/v2\/pages\/29216","targetHints":{"allow":["GET"]}}],"collection":[{"href":"https:\/\/hhentsch.com\/fr\/wp-json\/wp\/v2\/pages"}],"about":[{"href":"https:\/\/hhentsch.com\/fr\/wp-json\/wp\/v2\/types\/page"}],"author":[{"embeddable":true,"href":"https:\/\/hhentsch.com\/fr\/wp-json\/wp\/v2\/users\/1"}],"replies":[{"embeddable":true,"href":"https:\/\/hhentsch.com\/fr\/wp-json\/wp\/v2\/comments?post=29216"}],"version-history":[{"count":2,"href":"https:\/\/hhentsch.com\/fr\/wp-json\/wp\/v2\/pages\/29216\/revisions"}],"predecessor-version":[{"id":29218,"href":"https:\/\/hhentsch.com\/fr\/wp-json\/wp\/v2\/pages\/29216\/revisions\/29218"}],"wp:attachment":[{"href":"https:\/\/hhentsch.com\/fr\/wp-json\/wp\/v2\/media?parent=29216"}],"curies":[{"name":"wp","href":"https:\/\/api.w.org\/{rel}","templated":true}]}}